{"id":90,"date":"2022-02-21T18:06:34","date_gmt":"2022-02-22T00:06:34","guid":{"rendered":"https:\/\/greenshop.mx\/?post_type=product&#038;p=90"},"modified":"2026-03-02T18:19:30","modified_gmt":"2026-03-03T00:19:30","slug":"termonebulizadora-pulsfog-k-10-sp","status":"publish","type":"product","link":"https:\/\/greenshop.mx\/index.php\/product\/termonebulizadora-pulsfog-k-10-sp\/","title":{"rendered":"Pulsfog K-10-SP"},"content":{"rendered":"<p><strong>Nebulizadora T\u00e9rmica Port\u00e1til de Uso Urbano\u00a0<\/strong><\/p>\n<p>&nbsp;<\/p>\n<p><strong>Uso: <\/strong>Urbano, industrial y agr\u00edcola<\/p>\n<p>&nbsp;<\/p>\n<p><strong>Distinciones:<\/strong><\/p>\n<ul>\n<li>Certificado en 9001:2015<\/li>\n<li>Aprobado por la CENAPRECE (Secretar\u00eda de Salud)<\/li>\n<li>Avalado por la OMS (Organizaci\u00f3n Mundial de Salud)<\/li>\n<li>Cumple con las Directivas de la Uni\u00f3n Europea (2009\/127\/CE)<\/li>\n<\/ul>\n<p>&nbsp;<\/p>\n<p><strong>Ventajas:<\/strong><\/p>\n<ul>\n<li>Sistema de arranque r\u00e1pido (Encendido con una mano).<\/li>\n<li>Tanque de combustible no presurizado (Altamente seguro).<\/li>\n<li>Tasa de flujo regulable (Inyectores o boquillas intercambiables).<\/li>\n<li>Dep\u00f3sito de producto trasl\u00facido, de alta resistencia y desmontable.<\/li>\n<li>Motor y todas las piezas met\u00e1licas visibles de acero inoxidable.<\/li>\n<li>Motor de pulsaci\u00f3n sin piezas m\u00f3viles permite un servicio permanente sin desgaste.<\/li>\n<li>Tubo refrigerador doble de acero inoxidable, sellado herm\u00e9ticamente en la zona trasera.<\/li>\n<li>Entrada del aire refrigerante por delante para insonorizaci\u00f3n y mejor expulsi\u00f3n del calor.<\/li>\n<li>Grifo de nebulizaci\u00f3n combinado con dispositivo de interrupci\u00f3n autom\u00e1tica, aumenta la seguridad al nebulizar l\u00edquidos inflamables.<\/li>\n<li>Dise\u00f1o sencillo y de estructura fuerte, permitiendo la realizaci\u00f3n de mantenimiento y reparaciones por el mismo operario.<\/li>\n<li>Efectividad comprobada ante laboratorio acreditado.<\/li>\n<li>HECHO EN ALEMANIA<\/li>\n<\/ul>\n<p>&nbsp;<\/p>\n<p><strong>Para aplicaci\u00f3n de:<\/strong><\/p>\n<ul>\n<li>Repelentes.<\/li>\n<li>Insecticidas.<\/li>\n<li>Desinfectantes \/ &#8220;Sanitizantes&#8221;.<\/li>\n<li>Fertilizantes.<\/li>\n<\/ul>\n<p>&nbsp;<\/p>\n<p><strong>Ficha T\u00e9cnica:<\/strong><\/p>\n<p>&nbsp;<\/p>\n<table class=\"uk-table uk-table-striped uk-table-hover uk-table-small uk-table-responsive\">\n<thead>\n<tr>\n<th class=\"uk-text-nowrap\"><span class=\"uk-text-danger uk-text-bolder\">COCEPTO<\/span><\/th>\n<th><span class=\"uk-text-danger uk-text-bolder\">DATOS T\u00c9CNICOS<\/span><\/th>\n<\/tr>\n<\/thead>\n<tbody>\n<tr class=\"el-item\">\n<td class=\"uk-text-nowrap uk-table-shrink\">\n<div class=\"el-title\">Peso en vac\u00edo<\/div>\n<\/td>\n<td>\n<div class=\"el-content uk-panel\">7.0 kg<\/div>\n<\/td>\n<\/tr>\n<tr class=\"el-item\">\n<td class=\"uk-text-nowrap\">\n<div class=\"el-title\">Dimensiones (largo x ancho x alto)<\/div>\n<\/td>\n<td>\n<div class=\"el-content uk-panel\">106 x 29 x 33 cm<\/div>\n<\/td>\n<\/tr>\n<tr class=\"el-item\">\n<td class=\"uk-text-nowrap\">\n<div class=\"el-title\">Capacidad dep\u00f3sito del producto<\/div>\n<\/td>\n<td>\n<div class=\"el-content uk-panel\">5 litros<\/div>\n<\/td>\n<\/tr>\n<tr class=\"el-item\">\n<td class=\"uk-text-nowrap\">\n<div class=\"el-title\">Capacidad dep\u00f3sito de gasolina<\/div>\n<\/td>\n<td>\n<div class=\"el-content uk-panel\">2 litros<\/div>\n<\/td>\n<\/tr>\n<tr class=\"el-item\">\n<td class=\"uk-text-nowrap\">\n<div class=\"el-title\">Volumen de c\u00e1mara de combusti\u00f3n<\/div>\n<\/td>\n<td>\n<div class=\"el-content uk-panel\">300 cm3<\/div>\n<\/td>\n<\/tr>\n<tr class=\"el-item\">\n<td class=\"uk-text-nowrap\">\n<div class=\"el-title\"><strong>Alcance del aerosol*<\/strong><\/div>\n<\/td>\n<td>\n<div class=\"el-content uk-panel\"><strong>10 metros<\/strong><\/div>\n<\/td>\n<\/tr>\n<tr class=\"el-item\">\n<td class=\"uk-text-nowrap\">\n<div class=\"el-title\">Consumo de gasolina m\u00e1ximo<\/div>\n<\/td>\n<td>\n<div class=\"el-content uk-panel\">1.9 l\/h<\/div>\n<\/td>\n<\/tr>\n<tr class=\"el-item\">\n<td class=\"uk-text-nowrap\">\n<div class=\"el-title\">Encendido autom\u00e1tico<\/div>\n<\/td>\n<td>\n<div class=\"el-content uk-panel\">Bobina electr\u00f3nica \/ 4 baterias = 6V<\/div>\n<\/td>\n<\/tr>\n<tr class=\"el-item\">\n<td class=\"uk-text-nowrap\">\n<div class=\"el-title\">Arrancador<\/div>\n<\/td>\n<td>\n<div class=\"el-content uk-panel\">Fuelle de arranque manual<\/div>\n<\/td>\n<\/tr>\n<tr class=\"el-item\">\n<td class=\"uk-text-nowrap\">\n<div class=\"el-title\">Tasa de flujo<\/div>\n<\/td>\n<td>\n<div class=\"el-content uk-panel\">10 &#8211; 35 l\/h (seg\u00fan inyector utilizado)<\/div>\n<\/td>\n<\/tr>\n<tr class=\"el-item\">\n<td class=\"uk-text-nowrap\">\n<div class=\"el-title\">Tasa de flujo standard<\/div>\n<\/td>\n<td>\n<div class=\"el-content uk-panel\">12 l\/h<\/div>\n<\/td>\n<\/tr>\n<tr class=\"el-item\">\n<td class=\"uk-text-nowrap\">\n<div class=\"el-title\"><strong>Tama\u00f1o de gotitas**<\/strong><br \/>\n(Dependiendo del veh\u00edculo)<br \/>\n\u03bcm = micras \/ micrones<\/div>\n<\/td>\n<td>\n<div class=\"el-content uk-panel\">&lt; 25 \u03bcm (glicoles)<br \/>\n&lt; 60 \u03bcm (glicoles\/agua)<br \/>\n&lt; 150 \u03bcm (agua)<\/div>\n<\/td>\n<\/tr>\n<\/tbody>\n<\/table>\n<div><\/div>\n<div class=\"uk-panel uk-text-meta uk-margin\">* Alcance utilizando veh\u00edculo a base de glicoles en lugar de agua.<br \/>\n** El tama\u00f1o de las gotitas depende de la boquilla (inyector) utilizado y del veh\u00edculo o aditivo. Recomendamos el uso de aditivo a base de glicoles.<\/div>\n","protected":false},"excerpt":{"rendered":"<p>Termonebulizadora alemana de uso urbano para desinfecci\u00f3n &#8220;sanitizaci\u00f3n&#8221; y control de plagas.<\/p>\n","protected":false},"featured_media":199,"comment_status":"open","ping_status":"closed","template":"","meta":{"content-type":"","om_disable_all_campaigns":false,"_monsterinsights_skip_tracking":false,"_monsterinsights_sitenote_active":false,"_monsterinsights_sitenote_note":"","_monsterinsights_sitenote_category":0,"_uf_show_specific_survey":0,"_uf_disable_surveys":false},"product_brand":[],"product_cat":[49,50],"product_tag":[65,42,64,41],"class_list":{"0":"post-90","1":"product","2":"type-product","3":"status-publish","4":"has-post-thumbnail","6":"product_cat-nebulizadoras","7":"product_cat-termonebulizadoras","8":"product_tag-maquina-de-humo","9":"product_tag-nebulizadora","10":"product_tag-pulsfog","11":"product_tag-termonebulizadora","13":"first","14":"instock","15":"sold-individually","16":"purchasable","17":"product-type-simple"},"jetpack_sharing_enabled":true,"_links":{"self":[{"href":"https:\/\/greenshop.mx\/index.php\/wp-json\/wp\/v2\/product\/90","targetHints":{"allow":["GET"]}}],"collection":[{"href":"https:\/\/greenshop.mx\/index.php\/wp-json\/wp\/v2\/product"}],"about":[{"href":"https:\/\/greenshop.mx\/index.php\/wp-json\/wp\/v2\/types\/product"}],"replies":[{"embeddable":true,"href":"https:\/\/greenshop.mx\/index.php\/wp-json\/wp\/v2\/comments?post=90"}],"wp:featuredmedia":[{"embeddable":true,"href":"https:\/\/greenshop.mx\/index.php\/wp-json\/wp\/v2\/media\/199"}],"wp:attachment":[{"href":"https:\/\/greenshop.mx\/index.php\/wp-json\/wp\/v2\/media?parent=90"}],"wp:term":[{"taxonomy":"product_brand","embeddable":true,"href":"https:\/\/greenshop.mx\/index.php\/wp-json\/wp\/v2\/product_brand?post=90"},{"taxonomy":"product_cat","embeddable":true,"href":"https:\/\/greenshop.mx\/index.php\/wp-json\/wp\/v2\/product_cat?post=90"},{"taxonomy":"product_tag","embeddable":true,"href":"https:\/\/greenshop.mx\/index.php\/wp-json\/wp\/v2\/product_tag?post=90"}],"curies":[{"name":"wp","href":"https:\/\/api.w.org\/{rel}","templated":true}]}}