{"id":63,"date":"2022-02-10T01:11:11","date_gmt":"2022-02-10T07:11:11","guid":{"rendered":"https:\/\/greenshop.mx\/?post_type=product&#038;p=63"},"modified":"2024-07-23T12:46:33","modified_gmt":"2024-07-23T18:46:33","slug":"termogreen-desinfectante","status":"publish","type":"product","link":"https:\/\/greenshop.mx\/index.php\/product\/termogreen-desinfectante\/","title":{"rendered":"Termogreen Desinfectante"},"content":{"rendered":"<p><strong>Ingredientes Activos:<\/strong><\/p>\n<ul>\n<li>Sales cuaternarias de amonio de 5G.<\/li>\n<li>Extractos C\u00edtricos (\u00e1cidos org\u00e1nicos)**<\/li>\n<\/ul>\n<p>Las sales cuaternarias de 5G utilizadas cuentan con pruebas de laboratorio que demuestran su efectividad.<\/p>\n<p>Los Extractos C\u00edtricos son considerados por la FDA como seguros (GRAS &#8211; Generally Recognized As Safe)<\/p>\n<p>&nbsp;<\/p>\n<p><strong>Aditivo, Coadyuvante o Carrier:<\/strong><\/p>\n<p>Mezcla de Glicoles y Alcoholes con certificado OMRI (Termogreen Veh\u00edculo)<\/p>\n<p>&nbsp;<\/p>\n<p><strong>Uso: <\/strong>Urbano, industrial y agr\u00edcola<\/p>\n<p><strong>Ventajas:<\/strong><\/p>\n<ul>\n<li>Producto listo para aplicar por termonebulizaci\u00f3n.<\/li>\n<li>Activos desinfectantes en la lista &#8220;N&#8221; de la EPA.<\/li>\n<li>No se degrada al aplicarse por termonebulizaci\u00f3n.<\/li>\n<li>Proporciona una acci\u00f3n de desinfecci\u00f3n superior.<\/li>\n<li>Con pruebas de eficacia demostrada ante laboratorio.<\/li>\n<li>Eficaz contra el coronavirus SARS-Co-V-2 causante de la pandemia por COVID-19*.<\/li>\n<\/ul>\n<p>&nbsp;<\/p>\n<p><strong>Aplicaci\u00f3n:<\/strong><\/p>\n<ul>\n<li>Exclusivamente por termonebulizaci\u00f3n o neulizaci\u00f3n t\u00e9rmica.<\/li>\n<\/ul>\n<p>&nbsp;<\/p>\n<p><strong>Presentaciones: <\/strong>5 y 20 litros.<\/p>\n<p>* Cuenta con pruebas de laboratorio que avalan su efectividad contra el coronavirus SARS-CoV-2 (causante de la COVID-19).<\/p>\n","protected":false},"excerpt":{"rendered":"<p>Termogreen Desinfectante es un germicida &#8220;sanitizante&#8221; listo para usar para aplicar de forma directa y sin diluir con una &#8220;m\u00e1quina de humo&#8221;, termonebulizadora o nebulizadora t\u00e9rmica.<\/p>\n","protected":false},"featured_media":206,"comment_status":"open","ping_status":"closed","template":"","meta":{"content-type":"","om_disable_all_campaigns":false,"_monsterinsights_skip_tracking":false,"_monsterinsights_sitenote_active":false,"_monsterinsights_sitenote_note":"","_monsterinsights_sitenote_category":0,"_uf_show_specific_survey":0,"_uf_disable_surveys":false},"product_brand":[],"product_cat":[19,43],"product_tag":[63,59,74,73,28,71,25,62,72,70,60,44,26,27],"class_list":{"0":"post-63","1":"product","2":"type-product","3":"status-publish","4":"has-post-thumbnail","6":"product_cat-coadyuvantes-y-aditivos","7":"product_cat-desinfectantes-listos-para-usar","8":"product_tag-acidos-organicos","9":"product_tag-amonios-cuaternarios","10":"product_tag-bactericida","11":"product_tag-biocida","12":"product_tag-buygreen","13":"product_tag-desinfectante-para-termonebulizar","14":"product_tag-desinfectantes","15":"product_tag-extractos-citricos","16":"product_tag-germicida","17":"product_tag-liquido-sanitizante","18":"product_tag-sales-cuaternarias","19":"product_tag-sanitizante-para-maquina-de-humo","20":"product_tag-sanitizantes","21":"product_tag-termogreen","23":"first","24":"instock","25":"taxable","26":"shipping-taxable","27":"purchasable","28":"product-type-variable"},"jetpack_sharing_enabled":true,"_links":{"self":[{"href":"https:\/\/greenshop.mx\/index.php\/wp-json\/wp\/v2\/product\/63","targetHints":{"allow":["GET"]}}],"collection":[{"href":"https:\/\/greenshop.mx\/index.php\/wp-json\/wp\/v2\/product"}],"about":[{"href":"https:\/\/greenshop.mx\/index.php\/wp-json\/wp\/v2\/types\/product"}],"replies":[{"embeddable":true,"href":"https:\/\/greenshop.mx\/index.php\/wp-json\/wp\/v2\/comments?post=63"}],"wp:featuredmedia":[{"embeddable":true,"href":"https:\/\/greenshop.mx\/index.php\/wp-json\/wp\/v2\/media\/206"}],"wp:attachment":[{"href":"https:\/\/greenshop.mx\/index.php\/wp-json\/wp\/v2\/media?parent=63"}],"wp:term":[{"taxonomy":"product_brand","embeddable":true,"href":"https:\/\/greenshop.mx\/index.php\/wp-json\/wp\/v2\/product_brand?post=63"},{"taxonomy":"product_cat","embeddable":true,"href":"https:\/\/greenshop.mx\/index.php\/wp-json\/wp\/v2\/product_cat?post=63"},{"taxonomy":"product_tag","embeddable":true,"href":"https:\/\/greenshop.mx\/index.php\/wp-json\/wp\/v2\/product_tag?post=63"}],"curies":[{"name":"wp","href":"https:\/\/api.w.org\/{rel}","templated":true}]}}