{"id":59,"date":"2022-02-09T20:24:46","date_gmt":"2022-02-10T02:24:46","guid":{"rendered":"https:\/\/greenshop.mx\/index.php\/product\/hoodie-with-logo\/"},"modified":"2024-07-23T12:46:33","modified_gmt":"2024-07-23T18:46:33","slug":"hoodie-with-logo","status":"publish","type":"product","link":"https:\/\/greenshop.mx\/index.php\/product\/hoodie-with-logo\/","title":{"rendered":"Termogreen Veh\u00edculo"},"content":{"rendered":"<p>Termogreen veh\u00edculo es un aditivo o coayuvante que en combinaci\u00f3n con una termonebulizadora o nebulizadora t\u00e9rmica permite convertir un producto en gotas ultra finas de hasta 5 micras que forman aerosoles, niebla o &#8220;humo&#8221;.<\/p>\n<p>Este producto ayuda a termonebulizar desinfectantes (&#8220;sanitizantes&#8221;), insecticidas (plaguicidas), fertilizantes, repelentes, organismos sensibles al calor (bacterias ben\u00e9ficas de uso agr\u00edcola), etc.<\/p>\n<p>Termogreen veh\u00edculo reduce la evaporizaci\u00f3n de soluciones acuosas, mejorando la estabilidad, densidad, homogeneidad y alcance de la niebla o aerosol.<\/p>\n<p>Producto org\u00e1nico, de uso urbano y agr\u00edcola certificado por OMRI (Organic Materials Review Institute)<\/p>\n","protected":false},"excerpt":{"rendered":"<p>Carrier, aditivo o coadyuvante para termonebulizar que junto con una termonebulizadora (&#8220;m\u00e1quina de humo&#8221;) permite aplicar desinfectantes (&#8220;sanitizantes&#8221;), insecticidas (plaguicidas), fertilizantes, repelentes, organismos sensibles al calor (bacterias ben\u00e9ficas de uso agr\u00edcola), etc. por medio de aerosoles, niebla o &#8220;humo&#8221;<\/p>\n","protected":false},"featured_media":60,"comment_status":"open","ping_status":"closed","template":"","meta":{"content-type":"","om_disable_all_campaigns":false,"_monsterinsights_skip_tracking":false,"_monsterinsights_sitenote_active":false,"_monsterinsights_sitenote_note":"","_monsterinsights_sitenote_category":0,"_uf_show_specific_survey":0,"_uf_disable_surveys":false},"product_brand":[],"product_cat":[19],"product_tag":[21,28,23,24,27,22],"class_list":{"0":"post-59","1":"product","2":"type-product","3":"status-publish","4":"has-post-thumbnail","6":"product_cat-coadyuvantes-y-aditivos","7":"product_tag-aditivos","8":"product_tag-buygreen","9":"product_tag-carriers","10":"product_tag-coadyuvantes","11":"product_tag-termogreen","12":"product_tag-vehiculos","14":"first","15":"instock","16":"sale","17":"taxable","18":"shipping-taxable","19":"purchasable","20":"product-type-simple"},"jetpack_sharing_enabled":true,"_links":{"self":[{"href":"https:\/\/greenshop.mx\/index.php\/wp-json\/wp\/v2\/product\/59","targetHints":{"allow":["GET"]}}],"collection":[{"href":"https:\/\/greenshop.mx\/index.php\/wp-json\/wp\/v2\/product"}],"about":[{"href":"https:\/\/greenshop.mx\/index.php\/wp-json\/wp\/v2\/types\/product"}],"replies":[{"embeddable":true,"href":"https:\/\/greenshop.mx\/index.php\/wp-json\/wp\/v2\/comments?post=59"}],"wp:featuredmedia":[{"embeddable":true,"href":"https:\/\/greenshop.mx\/index.php\/wp-json\/wp\/v2\/media\/60"}],"wp:attachment":[{"href":"https:\/\/greenshop.mx\/index.php\/wp-json\/wp\/v2\/media?parent=59"}],"wp:term":[{"taxonomy":"product_brand","embeddable":true,"href":"https:\/\/greenshop.mx\/index.php\/wp-json\/wp\/v2\/product_brand?post=59"},{"taxonomy":"product_cat","embeddable":true,"href":"https:\/\/greenshop.mx\/index.php\/wp-json\/wp\/v2\/product_cat?post=59"},{"taxonomy":"product_tag","embeddable":true,"href":"https:\/\/greenshop.mx\/index.php\/wp-json\/wp\/v2\/product_tag?post=59"}],"curies":[{"name":"wp","href":"https:\/\/api.w.org\/{rel}","templated":true}]}}