{"id":587,"date":"2025-05-29T13:21:46","date_gmt":"2025-05-29T19:21:46","guid":{"rendered":"https:\/\/greenshop.mx\/?post_type=product&#038;p=587"},"modified":"2025-05-29T13:26:45","modified_gmt":"2025-05-29T19:26:45","slug":"bugoff-multiusos","status":"publish","type":"product","link":"https:\/\/greenshop.mx\/index.php\/product\/bugoff-multiusos\/","title":{"rendered":"BugOff Multiusos"},"content":{"rendered":"<p>Bug Off Multiusos es un limpiador multiusos natural que desinfecta a la vez que repele insectos. Es un producto de alta concentraci\u00f3n, dise\u00f1ado y formulado especialmente para la limpieza diaria y la repelencia de insectos rastreros dentro de las casas habitaci\u00f3n, oficinas, comedores, cocinas, plantas de alimento, hospitales, industrias, escuelas, edificios municipales, hoteles, moteles y la industria en general.<\/p>\n<p>Debido a su composici\u00f3n, le permite tener acci\u00f3n residual en el resultado, limpia y aromatiza en una sola operaci\u00f3n y previene la aparici\u00f3n de plagas.<\/p>\n<p>Composici\u00f3n:<br \/>\nAceite de pino, mezcla de preparaciones aromatizante y sustancias aromatizantes de origen natural y agua desionizada.<\/p>\n","protected":false},"excerpt":{"rendered":"<p>Bug Off Multiusos es un limpiador multiusos natural que desinfecta a la vez que repele insectos. Es un producto de alta concentraci\u00f3n, dise\u00f1ado y formulado especialmente para la limpieza diaria y la repelencia de insectos rastreros dentro de las casas habitaci\u00f3n, oficinas, comedores, cocinas, plantas de alimento, hospitales, industrias, escuelas, edificios municipales, hoteles, moteles y la industria en general.<\/p>\n<p>Debido a su composici\u00f3n, le permite tener acci\u00f3n residual en el resultado, limpia y aromatiza en una sola operaci\u00f3n y previene la aparici\u00f3n de plagas.<\/p>\n<p>Composici\u00f3n:<br \/>\nAceite de pino, mezcla de preparaciones aromatizante y sustancias aromatizantes de origen natural y agua desionizada.<\/p>\n","protected":false},"featured_media":588,"comment_status":"open","ping_status":"closed","template":"","meta":{"content-type":"","om_disable_all_campaigns":false,"_monsterinsights_skip_tracking":false,"_monsterinsights_sitenote_active":false,"_monsterinsights_sitenote_note":"","_monsterinsights_sitenote_category":0,"_uf_show_specific_survey":0,"_uf_disable_surveys":false},"product_brand":[107,106],"product_cat":[45,46,66],"product_tag":[33,109,108,110],"class_list":{"0":"post-587","1":"product","2":"type-product","3":"status-publish","4":"has-post-thumbnail","6":"product_brand-bugoff-multiusos","7":"product_brand-buygreen","8":"product_cat-desinfectantes","9":"product_cat-desinfectantes-concentrados","10":"product_cat-repelentes-concentrados","11":"product_tag-bugoff","12":"product_tag-desinfectante","13":"product_tag-multiusos","14":"product_tag-repelete","15":"product_shipping_class-envio-estandar","17":"first","18":"instock","19":"sale","20":"featured","21":"taxable","22":"shipping-taxable","23":"purchasable","24":"product-type-simple"},"jetpack_sharing_enabled":true,"_links":{"self":[{"href":"https:\/\/greenshop.mx\/index.php\/wp-json\/wp\/v2\/product\/587","targetHints":{"allow":["GET"]}}],"collection":[{"href":"https:\/\/greenshop.mx\/index.php\/wp-json\/wp\/v2\/product"}],"about":[{"href":"https:\/\/greenshop.mx\/index.php\/wp-json\/wp\/v2\/types\/product"}],"replies":[{"embeddable":true,"href":"https:\/\/greenshop.mx\/index.php\/wp-json\/wp\/v2\/comments?post=587"}],"wp:featuredmedia":[{"embeddable":true,"href":"https:\/\/greenshop.mx\/index.php\/wp-json\/wp\/v2\/media\/588"}],"wp:attachment":[{"href":"https:\/\/greenshop.mx\/index.php\/wp-json\/wp\/v2\/media?parent=587"}],"wp:term":[{"taxonomy":"product_brand","embeddable":true,"href":"https:\/\/greenshop.mx\/index.php\/wp-json\/wp\/v2\/product_brand?post=587"},{"taxonomy":"product_cat","embeddable":true,"href":"https:\/\/greenshop.mx\/index.php\/wp-json\/wp\/v2\/product_cat?post=587"},{"taxonomy":"product_tag","embeddable":true,"href":"https:\/\/greenshop.mx\/index.php\/wp-json\/wp\/v2\/product_tag?post=587"}],"curies":[{"name":"wp","href":"https:\/\/api.w.org\/{rel}","templated":true}]}}