{"id":573,"date":"2024-10-22T00:56:32","date_gmt":"2024-10-22T06:56:32","guid":{"rendered":"https:\/\/greenshop.mx\/?post_type=product&#038;p=573"},"modified":"2025-11-08T10:51:09","modified_gmt":"2025-11-08T16:51:09","slug":"termogreen-vehiculo-de-1-litro","status":"publish","type":"product","link":"https:\/\/greenshop.mx\/index.php\/product\/termogreen-vehiculo-de-1-litro\/","title":{"rendered":"Termogreen Veh\u00edculo de 1 Litro"},"content":{"rendered":"<p>Termogreen veh\u00edculo es un aditivo o coayuvante que en combinaci\u00f3n con una termonebulizadora o nebulizadora t\u00e9rmica permite convertir un producto en gotas ultra finas de hasta 5 micras que forman aerosoles, niebla o \u201chumo\u201d.<\/p>\n<p>Este producto ayuda a termonebulizar desinfectantes (\u201csanitizantes\u201d), insecticidas (plaguicidas), fertilizantes, repelentes, organismos sensibles al calor (bacterias ben\u00e9ficas de uso agr\u00edcola), etc.<\/p>\n<p>Termogreen veh\u00edculo reduce la evaporizaci\u00f3n de soluciones acuosas, mejorando la estabilidad, densidad, homogeneidad y alcance de la niebla o aerosol.<\/p>\n<p>Producto org\u00e1nico, de uso urbano y agr\u00edcola certificado por OMRI (Organic Materials Review Institute)<\/p>\n","protected":false},"excerpt":{"rendered":"<div class=\"woocommerce-product-details__short-description\">\n<p>Carrier, aditivo o coadyuvante para termonebulizar que junto con una termonebulizadora (\u201cm\u00e1quina de humo\u201d) permite aplicar desinfectantes (\u201csanitizantes\u201d), insecticidas (plaguicidas), fertilizantes, repelentes, organismos sensibles al calor (bacterias ben\u00e9ficas de uso agr\u00edcola), etc. por medio de aerosoles, niebla o \u201chumo\u201d<\/p>\n<\/div>\n<div id=\"tooltipComponent\" class=\"mp-credits-tooltip-container\"><\/div>\n","protected":false},"featured_media":567,"comment_status":"open","ping_status":"closed","template":"","meta":{"content-type":"","om_disable_all_campaigns":false,"_monsterinsights_skip_tracking":false,"_monsterinsights_sitenote_active":false,"_monsterinsights_sitenote_note":"","_monsterinsights_sitenote_category":0,"_uf_show_specific_survey":0,"_uf_disable_surveys":false},"product_brand":[],"product_cat":[19],"product_tag":[21,103,104,105,27],"class_list":{"0":"post-573","1":"product","2":"type-product","3":"status-publish","4":"has-post-thumbnail","6":"product_cat-coadyuvantes-y-aditivos","7":"product_tag-aditivos","8":"product_tag-carrier","9":"product_tag-coadyuvante","10":"product_tag-liquido-para-termonebulizar","11":"product_tag-termogreen","12":"product_shipping_class-envio-estandar","14":"first","15":"instock","16":"sale","17":"taxable","18":"shipping-taxable","19":"purchasable","20":"product-type-simple"},"jetpack_sharing_enabled":true,"_links":{"self":[{"href":"https:\/\/greenshop.mx\/index.php\/wp-json\/wp\/v2\/product\/573","targetHints":{"allow":["GET"]}}],"collection":[{"href":"https:\/\/greenshop.mx\/index.php\/wp-json\/wp\/v2\/product"}],"about":[{"href":"https:\/\/greenshop.mx\/index.php\/wp-json\/wp\/v2\/types\/product"}],"replies":[{"embeddable":true,"href":"https:\/\/greenshop.mx\/index.php\/wp-json\/wp\/v2\/comments?post=573"}],"wp:featuredmedia":[{"embeddable":true,"href":"https:\/\/greenshop.mx\/index.php\/wp-json\/wp\/v2\/media\/567"}],"wp:attachment":[{"href":"https:\/\/greenshop.mx\/index.php\/wp-json\/wp\/v2\/media?parent=573"}],"wp:term":[{"taxonomy":"product_brand","embeddable":true,"href":"https:\/\/greenshop.mx\/index.php\/wp-json\/wp\/v2\/product_brand?post=573"},{"taxonomy":"product_cat","embeddable":true,"href":"https:\/\/greenshop.mx\/index.php\/wp-json\/wp\/v2\/product_cat?post=573"},{"taxonomy":"product_tag","embeddable":true,"href":"https:\/\/greenshop.mx\/index.php\/wp-json\/wp\/v2\/product_tag?post=573"}],"curies":[{"name":"wp","href":"https:\/\/api.w.org\/{rel}","templated":true}]}}