{"id":538,"date":"2024-09-30T16:29:26","date_gmt":"2024-09-30T22:29:26","guid":{"rendered":"https:\/\/greenshop.mx\/?post_type=product&#038;p=538"},"modified":"2025-11-08T10:51:09","modified_gmt":"2025-11-08T16:51:09","slug":"greenfog-carrier","status":"publish","type":"product","link":"https:\/\/greenshop.mx\/index.php\/product\/greenfog-carrier\/","title":{"rendered":"GreenFog Carrier"},"content":{"rendered":"<div class=\"uk-panel uk-margin-large uk-margin-remove-top uk-margin-remove-bottom uk-width-xlarge uk-margin-auto-right@m uk-margin-remove-left@m uk-margin-auto uk-text-left@s uk-text-center\">\n<p>GreenFog\u00ae Carrier: Aditivo Hidrosoluble para Termonebulizaci\u00f3n<\/p>\n<p>Descripci\u00f3n del Producto:<br \/>\nGreenFog\u00ae Carrier es un aditivo especializado para termonebulizaci\u00f3n, dise\u00f1ado para mejorar el rendimiento de desinfectantes, insecticidas y repelentes. Su f\u00f3rmula \u00fanica reduce la evaporaci\u00f3n de soluciones acuosas, lo que optimiza la densidad, homogeneidad y alcance de la niebla o aerosol generado.<\/p>\n<p>Caracter\u00edsticas Principales:<\/p>\n<p>Uso Agr\u00edcola: Ideal para aplicaciones en el sector agr\u00edcola, especialmente en lugares con denso follaje o \u00e1reas de dif\u00edcil acceso.<\/p>\n<p>Biodegradable y No T\u00f3xico: Elaborado con una base de glicoles y alcohol, garantiza una aplicaci\u00f3n segura sin da\u00f1ar el medio ambiente.<\/p>\n<p>Compatibilidad: No da\u00f1a equipos ni deja residuos, lo que lo convierte en una opci\u00f3n pr\u00e1ctica para agricultores y profesionales de la salud ambiental.<\/p>\n<p>Microgotas Eficientes: Producido mediante un equipo termonebulizador (se recomienda el uso de Pulsfog\u00ae), genera microgotas de menos de 25 \u00b5m para una cobertura efectiva.<\/p>\n<p>Cobertura:<br \/>\nCon solo 1 litro de GreenFog Carrier, es posible cubrir hasta 3,000 m\u00b3, asegurando una aplicaci\u00f3n amplia y efectiva.<\/p>\n<p>Beneficios:<\/p>\n<p>Mejorada Eficiencia en Aplicaciones: Promueve una dispersi\u00f3n m\u00e1s uniforme de los productos, maximizando su efectividad.<\/p>\n<p>Aumento en la Persistencia de los Productos: Al reducir la evaporaci\u00f3n, aumenta la duraci\u00f3n del tratamiento en las superficies objetivo.<\/p>\n<p>F\u00e1cil Manejo y Aplicaci\u00f3n: Su formulaci\u00f3n permite una f\u00e1cil integraci\u00f3n en procesos de nebulizaci\u00f3n, sin complicaciones en el manejo.<\/p>\n<p>Conclusi\u00f3n:<\/p>\n<p>GreenFog\u00ae Carrier es la soluci\u00f3n ideal para profesionales que buscan maximizar la efectividad de sus aplicaciones de productos fitosanitarios y de desinfecci\u00f3n, garantizando un impacto ambiental m\u00ednimo y una cobertura \u00f3ptima en \u00e1reas complicadas. \u00a1Optimiza tus tratamientos con GreenFog\u00ae Carrier y experimenta la diferencia en tus aplicaciones!<\/p>\n<\/div>\n","protected":false},"excerpt":{"rendered":"<p>GreenFog\u00ae Carrier es la soluci\u00f3n ideal para profesionales que buscan aplicar agroqu\u00edmicos por medio de termonebulizaci\u00f3n<\/p>\n","protected":false},"featured_media":539,"comment_status":"open","ping_status":"closed","template":"","meta":{"content-type":"","om_disable_all_campaigns":false,"_monsterinsights_skip_tracking":false,"_monsterinsights_sitenote_active":false,"_monsterinsights_sitenote_note":"","_monsterinsights_sitenote_category":0,"_uf_show_specific_survey":0,"_uf_disable_surveys":false},"product_brand":[],"product_cat":[19],"product_tag":[103,104,102,105],"class_list":{"0":"post-538","1":"product","2":"type-product","3":"status-publish","4":"has-post-thumbnail","6":"product_cat-coadyuvantes-y-aditivos","7":"product_tag-carrier","8":"product_tag-coadyuvante","9":"product_tag-greenfog","10":"product_tag-liquido-para-termonebulizar","11":"product_shipping_class-envio-estandar","13":"first","14":"instock","15":"sale","16":"taxable","17":"shipping-taxable","18":"purchasable","19":"product-type-simple"},"jetpack_sharing_enabled":true,"_links":{"self":[{"href":"https:\/\/greenshop.mx\/index.php\/wp-json\/wp\/v2\/product\/538","targetHints":{"allow":["GET"]}}],"collection":[{"href":"https:\/\/greenshop.mx\/index.php\/wp-json\/wp\/v2\/product"}],"about":[{"href":"https:\/\/greenshop.mx\/index.php\/wp-json\/wp\/v2\/types\/product"}],"replies":[{"embeddable":true,"href":"https:\/\/greenshop.mx\/index.php\/wp-json\/wp\/v2\/comments?post=538"}],"wp:featuredmedia":[{"embeddable":true,"href":"https:\/\/greenshop.mx\/index.php\/wp-json\/wp\/v2\/media\/539"}],"wp:attachment":[{"href":"https:\/\/greenshop.mx\/index.php\/wp-json\/wp\/v2\/media?parent=538"}],"wp:term":[{"taxonomy":"product_brand","embeddable":true,"href":"https:\/\/greenshop.mx\/index.php\/wp-json\/wp\/v2\/product_brand?post=538"},{"taxonomy":"product_cat","embeddable":true,"href":"https:\/\/greenshop.mx\/index.php\/wp-json\/wp\/v2\/product_cat?post=538"},{"taxonomy":"product_tag","embeddable":true,"href":"https:\/\/greenshop.mx\/index.php\/wp-json\/wp\/v2\/product_tag?post=538"}],"curies":[{"name":"wp","href":"https:\/\/api.w.org\/{rel}","templated":true}]}}