{"id":462,"date":"2023-05-12T11:39:13","date_gmt":"2023-05-12T16:39:13","guid":{"rendered":"https:\/\/greenshop.mx\/?post_type=product&#038;p=462"},"modified":"2026-02-10T20:58:28","modified_gmt":"2026-02-11T02:58:28","slug":"punch-repelente-natural-de-alacranes-y-serpientes","status":"publish","type":"product","link":"https:\/\/greenshop.mx\/index.php\/product\/punch-repelente-natural-de-alacranes-y-serpientes\/","title":{"rendered":"Punch! Repelente Natural de Alacranes y Serpientes &#8211; 1 Litro"},"content":{"rendered":"<p>Descripci\u00f3n<\/p>\n<p>Punch es un ahuyentador de alacranes y serpientes de amplio espectro,\u00a0 elaborado con ingredientes naturales a base de extractos de grado alimenticio. Su ingrediente activo tiene efecto tambi\u00e9n sobre otros insectos (\u00e1caros, chinches, pulgas, piojos, mosquitos, hormigas, etc.)<\/p>\n<p>Es un repelente bot\u00e1nico seguro y eficaz, dise\u00f1ado con ingredientes naturales, libre de solventes e pesticidas. Punch es un producto no t\u00f3xico, 100% biodegradable. NO DA\u00d1A A MASCOTAS NI A LAS PERSONAS.<\/p>\n<p>El olor que desprenden los ingredientes activos de punch! obstruyen o irritan el sistema olfativo de alacranes e insectos e inhiben su capacidad sensorial y de ubicaci\u00f3n del entorno. Tambi\u00e9n impiden la detecci\u00f3n de feromonas.<\/p>\n<p>INGREDIENTES:<br \/>\nExtractos de Cedro<br \/>\nCoadyuvantes e Inertes<br \/>\n* El CAS de los productos y su porcentaje son secreto comercial.<\/p>\n<p>Producto Seguro y No T\u00f3xico<br \/>\nElaborado con ingredientes de origen org\u00e1nico a base de extractos vegetales de grado alimenticio, libre de solventes e insecticidas.<\/p>\n<p>No contiene alcohol, no es inflamable y no da\u00f1a muebles u objetos.<\/p>\n<p>Modo de Acci\u00f3n:<br \/>\nLos alacranes respiran a trav\u00e9s de peque\u00f1os tubos esf\u00e9ricos al transpirar Punch, se alejan de inmediato y se queda una barrera de protecci\u00f3n residual evitando su entrada nuevamente.<\/p>\n<p>Los alacranes generalmente son nocturnos y pasan todo el d\u00eda escondidos de bajo de rocas, troncos y grietas en concreto o en la pared de mamposter\u00eda, algunas especies excavan y se esconden en madrigueras. Estos cazadores nocturnos surgen hambrientos de ara\u00f1as, insectos y otros invertebrados peque\u00f1os.<\/p>\n<p>Usos:<br \/>\nC\u00f3mo repelente en casas, oficinas e incluso se puede aplicar sobre mascotas.<\/p>\n<p>PREGUNTAS FRECUENTES:<\/p>\n<p>\u00bfCada cu\u00e1ndo debo utilizarlo?<br \/>\nDe manera correctiva (cuando hay una importante presencia de insectos) es recomendable aplicarlo durante 3 d\u00edas seguidos. Despu\u00e9s de la \u00faltima aplicaci\u00f3n, aplicar nuevamente a los 8 d\u00edas, posteriormente a los 15 d\u00edas y ya como mantenimiento o de manera preventiva cada 30 d\u00edas.<\/p>\n<p>Otro producto que recomendamos de manera preventiva es el BugOff Multiusos, con el puede trapear o aplicar sobre superficies. Este producto desinfecta y, adem\u00e1s, tiene propiedades repelentes.<\/p>\n<p>\u00bfPor que veo m\u00e1s insectos \/ alacranes luego de aplicarlo?<br \/>\nLos alacranes, serpientes e insectos nocivos se encuentran generalmente escondidos y salen en las noches a alimentarse o reproducirse, sin embargo, al aplicarse el repelente se provoca que salgan de sus escondites, raz\u00f3n por la que ser\u00e1n m\u00e1s visibles, lo que no quiere decir que haya m\u00e1s, sino simplemente que ahora podremos apreciar la dimensi\u00f3n del problema y lo estaremos atacando.<\/p>\n<p>\u00bfSirve s\u00f3lo para alacranes?<br \/>\nNo, tambi\u00e9n sirve para ar\u00e1cnidos e insectos (incluyendo cucarachas) esto gracias al amplio espectro repelente de su f\u00f3rmula. Sin embargo, recomendamos que busque entre nuestros productos uno espec\u00edfico para la plaga que desea ahuyentar o repeler.<\/p>\n<p>\u00bfEs t\u00f3xico?<br \/>\nNo es t\u00f3xico para animales y personas, no envenena. Se puede aplicar incluso en presencia de personas. En caso de mascotas como reptiles (iguanas, v\u00edboras, etc) as\u00ed como tar\u00e1ntulas puede resultar molesto.<\/p>\n<p>\u00bfD\u00f3nde aplicar?<br \/>\nSi desea impedir el ingreso a su hogar, oficina, etc. recomendamos aplicarlo en puntos de ingreso como puertas, ventanas,<\/p>\n","protected":false},"excerpt":{"rendered":"<p>Repelente de Alacranes y Serpientes elaborado con ingredientes naturales.<\/p>\n","protected":false},"featured_media":534,"comment_status":"open","ping_status":"closed","template":"","meta":{"content-type":"","om_disable_all_campaigns":false,"_monsterinsights_skip_tracking":false,"_monsterinsights_sitenote_active":false,"_monsterinsights_sitenote_note":"","_monsterinsights_sitenote_category":0,"_uf_show_specific_survey":0,"_uf_disable_surveys":false},"product_brand":[],"product_cat":[47,66],"product_tag":[68,99,100,101,30],"class_list":{"0":"post-462","1":"product","2":"type-product","3":"status-publish","4":"has-post-thumbnail","6":"product_cat-repelentes","7":"product_cat-repelentes-concentrados","8":"product_tag-repelente-natural","9":"product_tag-repelente-para-alacranes","10":"product_tag-repelente-para-serpientes","11":"product_tag-repelente-para-viboras","12":"product_tag-repelentes","13":"product_shipping_class-envio-estandar","15":"first","16":"instock","17":"sale","18":"taxable","19":"shipping-taxable","20":"purchasable","21":"product-type-simple"},"jetpack_sharing_enabled":true,"_links":{"self":[{"href":"https:\/\/greenshop.mx\/index.php\/wp-json\/wp\/v2\/product\/462","targetHints":{"allow":["GET"]}}],"collection":[{"href":"https:\/\/greenshop.mx\/index.php\/wp-json\/wp\/v2\/product"}],"about":[{"href":"https:\/\/greenshop.mx\/index.php\/wp-json\/wp\/v2\/types\/product"}],"replies":[{"embeddable":true,"href":"https:\/\/greenshop.mx\/index.php\/wp-json\/wp\/v2\/comments?post=462"}],"wp:featuredmedia":[{"embeddable":true,"href":"https:\/\/greenshop.mx\/index.php\/wp-json\/wp\/v2\/media\/534"}],"wp:attachment":[{"href":"https:\/\/greenshop.mx\/index.php\/wp-json\/wp\/v2\/media?parent=462"}],"wp:term":[{"taxonomy":"product_brand","embeddable":true,"href":"https:\/\/greenshop.mx\/index.php\/wp-json\/wp\/v2\/product_brand?post=462"},{"taxonomy":"product_cat","embeddable":true,"href":"https:\/\/greenshop.mx\/index.php\/wp-json\/wp\/v2\/product_cat?post=462"},{"taxonomy":"product_tag","embeddable":true,"href":"https:\/\/greenshop.mx\/index.php\/wp-json\/wp\/v2\/product_tag?post=462"}],"curies":[{"name":"wp","href":"https:\/\/api.w.org\/{rel}","templated":true}]}}