{"id":273,"date":"2022-03-17T03:01:42","date_gmt":"2022-03-17T09:01:42","guid":{"rendered":"https:\/\/greenshop.mx\/?post_type=product&#038;p=273"},"modified":"2025-11-08T10:51:09","modified_gmt":"2025-11-08T16:51:09","slug":"bug-off-mosquitos","status":"publish","type":"product","link":"https:\/\/greenshop.mx\/index.php\/product\/bug-off-mosquitos\/","title":{"rendered":"Bug Off &#8211; Mosquitos"},"content":{"rendered":"<p><strong>Ingredientes Activos:\u00a0<\/strong><\/p>\n<ul>\n<li>Aceites de citronela, cedro, lavanda y coadyuvantes.<\/li>\n<\/ul>\n<p>&nbsp;<\/p>\n<p><strong>Uso: <\/strong>Urbano, industrial y agr\u00edcola<\/p>\n<p>&nbsp;<\/p>\n<p><strong>Ventajas:<\/strong><\/p>\n<ul>\n<li>Altamente concentrado.<\/li>\n<li>No tiene efecto insecticida, \u00fanicamente repele.<\/li>\n<li>Elaborado con ingredientes naturales de grado alimenticio<\/li>\n<li>No se degrada al aplicarse por termonebulizaci\u00f3n.<\/li>\n<li>Proporciona una acci\u00f3n repelente superior.<\/li>\n<li>No deja residuos, no cambia el sabor u olor de productos.<\/li>\n<li>Puede usarse en cultivos convencionales y org\u00e1nicos.<\/li>\n<\/ul>\n<p>&nbsp;<\/p>\n<p><strong>Aplicaci\u00f3n:\u00a0<\/strong>Aplique con equipos convencionales de asperjado, nebulizadores, termonebulizadores, electrost\u00e1ticas, bombas de espalda y\/o presurizados.<\/p>\n<p>&nbsp;<\/p>\n<p><strong>Presentaciones: <\/strong>1 Litro.<\/p>\n<p>&nbsp;<\/p>\n","protected":false},"excerpt":{"rendered":"<p>Es un repelente de moscas concentrado, formulado con ingredientes de origen natural u org\u00e1nico a base de extractos vegetales grado alimenticio, libre de solventes e insecticidas. Dise\u00f1ado para repeler moscas tanto interior como exterior de inmuebles. No contiene alcohol, no es inflamable y no da\u00f1a muebles u objetos. Provee protecci\u00f3n inmediata despu\u00e9s de su aplicaci\u00f3n.<\/p>\n","protected":false},"featured_media":272,"comment_status":"open","ping_status":"closed","template":"","meta":{"content-type":"","om_disable_all_campaigns":false,"_monsterinsights_skip_tracking":false,"_monsterinsights_sitenote_active":false,"_monsterinsights_sitenote_note":"","_monsterinsights_sitenote_category":0,"_uf_show_specific_survey":0,"_uf_disable_surveys":false},"product_brand":[],"product_cat":[47,66],"product_tag":[33,28,69,76,68,30],"class_list":{"0":"post-273","1":"product","2":"type-product","3":"status-publish","4":"has-post-thumbnail","6":"product_cat-repelentes","7":"product_cat-repelentes-concentrados","8":"product_tag-bugoff","9":"product_tag-buygreen","10":"product_tag-repelente-agricola","11":"product_tag-repelente-de-mosquitos","12":"product_tag-repelente-natural","13":"product_tag-repelentes","14":"product_shipping_class-envio-estandar","16":"first","17":"instock","18":"sale","19":"taxable","20":"shipping-taxable","21":"purchasable","22":"product-type-simple"},"jetpack_sharing_enabled":true,"_links":{"self":[{"href":"https:\/\/greenshop.mx\/index.php\/wp-json\/wp\/v2\/product\/273","targetHints":{"allow":["GET"]}}],"collection":[{"href":"https:\/\/greenshop.mx\/index.php\/wp-json\/wp\/v2\/product"}],"about":[{"href":"https:\/\/greenshop.mx\/index.php\/wp-json\/wp\/v2\/types\/product"}],"replies":[{"embeddable":true,"href":"https:\/\/greenshop.mx\/index.php\/wp-json\/wp\/v2\/comments?post=273"}],"wp:featuredmedia":[{"embeddable":true,"href":"https:\/\/greenshop.mx\/index.php\/wp-json\/wp\/v2\/media\/272"}],"wp:attachment":[{"href":"https:\/\/greenshop.mx\/index.php\/wp-json\/wp\/v2\/media?parent=273"}],"wp:term":[{"taxonomy":"product_brand","embeddable":true,"href":"https:\/\/greenshop.mx\/index.php\/wp-json\/wp\/v2\/product_brand?post=273"},{"taxonomy":"product_cat","embeddable":true,"href":"https:\/\/greenshop.mx\/index.php\/wp-json\/wp\/v2\/product_cat?post=273"},{"taxonomy":"product_tag","embeddable":true,"href":"https:\/\/greenshop.mx\/index.php\/wp-json\/wp\/v2\/product_tag?post=273"}],"curies":[{"name":"wp","href":"https:\/\/api.w.org\/{rel}","templated":true}]}}