{"id":250,"date":"2022-03-16T22:06:00","date_gmt":"2022-03-17T04:06:00","guid":{"rendered":"https:\/\/greenshop.mx\/?post_type=product&#038;p=250"},"modified":"2025-11-08T10:51:09","modified_gmt":"2025-11-08T16:51:09","slug":"bat-off","status":"publish","type":"product","link":"https:\/\/greenshop.mx\/index.php\/product\/bat-off\/","title":{"rendered":"Bat Off"},"content":{"rendered":"<p><strong>Ingredientes Activos:\u00a0<\/strong><\/p>\n<ul>\n<li>Extractos de Mentas, Glicoles y Tensoactivos no ionicos.<\/li>\n<\/ul>\n<p>&nbsp;<\/p>\n<p><strong>Uso: <\/strong>Urbano, industrial y agr\u00edcola<\/p>\n<p><strong>Ventajas:<\/strong><\/p>\n<ul>\n<li>Altamente concentrado.<\/li>\n<li>No mata a los murci\u00e9lagos, \u00fanicamente los repele.<\/li>\n<li>Elaborado con ingredientes naturales de grado alimenticio<\/li>\n<li>No se degrada al aplicarse por termonebulizaci\u00f3n.<\/li>\n<li>Proporciona una acci\u00f3n repelente superior.<\/li>\n<li>No deja residuos, no cambia el sabor u olor de productos.<\/li>\n<li>Puede usarse en cultivos convencionales y org\u00e1nicos.<\/li>\n<\/ul>\n<p>&nbsp;<\/p>\n<p><strong>Aplicaci\u00f3n:\u00a0<\/strong>Aplique con equipos convencionales de asperjado, nebulizadores, termonebulizadores, electrost\u00e1ticas, bombas de espalda y\/o presurizados.<\/p>\n<p>&nbsp;<\/p>\n<p><strong>Presentaciones: <\/strong>1 Litro.<\/p>\n<p>&nbsp;<\/p>\n","protected":false},"excerpt":{"rendered":"<p>Es un repelente concentrado, dise\u00f1ado para repeler murci\u00e9lagos, su f\u00f3rmula es de origen natural y de alta tecnolog\u00eda, libre de solventes e insecticidas. Es f\u00e1cil de usar, es biodegradable y est\u00e1 elaborado con aceites naturales. Seguro para el ambiente y no provoca da\u00f1os en animales ni seres humanos. Es ideal para repeler la presencia de murci\u00e9lagos en \u00e1ticos, ventanas, \u00e1rboles, \u00e1reas verdes y cualquier otro sitio para ahuyentar estos animales.<\/p>\n","protected":false},"featured_media":268,"comment_status":"open","ping_status":"closed","template":"","meta":{"content-type":"","om_disable_all_campaigns":false,"_monsterinsights_skip_tracking":false,"_monsterinsights_sitenote_active":false,"_monsterinsights_sitenote_note":"","_monsterinsights_sitenote_category":0,"_uf_show_specific_survey":0,"_uf_disable_surveys":false},"product_brand":[],"product_cat":[47,66],"product_tag":[31,28,69,75,68,30],"class_list":{"0":"post-250","1":"product","2":"type-product","3":"status-publish","4":"has-post-thumbnail","6":"product_cat-repelentes","7":"product_cat-repelentes-concentrados","8":"product_tag-batoff","9":"product_tag-buygreen","10":"product_tag-repelente-agricola","11":"product_tag-repelente-de-murcielagos","12":"product_tag-repelente-natural","13":"product_tag-repelentes","15":"first","16":"instock","17":"sold-individually","18":"taxable","19":"shipping-taxable","20":"purchasable","21":"product-type-simple"},"jetpack_sharing_enabled":true,"_links":{"self":[{"href":"https:\/\/greenshop.mx\/index.php\/wp-json\/wp\/v2\/product\/250","targetHints":{"allow":["GET"]}}],"collection":[{"href":"https:\/\/greenshop.mx\/index.php\/wp-json\/wp\/v2\/product"}],"about":[{"href":"https:\/\/greenshop.mx\/index.php\/wp-json\/wp\/v2\/types\/product"}],"replies":[{"embeddable":true,"href":"https:\/\/greenshop.mx\/index.php\/wp-json\/wp\/v2\/comments?post=250"}],"wp:featuredmedia":[{"embeddable":true,"href":"https:\/\/greenshop.mx\/index.php\/wp-json\/wp\/v2\/media\/268"}],"wp:attachment":[{"href":"https:\/\/greenshop.mx\/index.php\/wp-json\/wp\/v2\/media?parent=250"}],"wp:term":[{"taxonomy":"product_brand","embeddable":true,"href":"https:\/\/greenshop.mx\/index.php\/wp-json\/wp\/v2\/product_brand?post=250"},{"taxonomy":"product_cat","embeddable":true,"href":"https:\/\/greenshop.mx\/index.php\/wp-json\/wp\/v2\/product_cat?post=250"},{"taxonomy":"product_tag","embeddable":true,"href":"https:\/\/greenshop.mx\/index.php\/wp-json\/wp\/v2\/product_tag?post=250"}],"curies":[{"name":"wp","href":"https:\/\/api.w.org\/{rel}","templated":true}]}}