{"id":133,"date":"2022-02-26T17:29:23","date_gmt":"2022-02-26T23:29:23","guid":{"rendered":"https:\/\/greenshop.mx\/?post_type=product&#038;p=133"},"modified":"2024-07-23T12:46:33","modified_gmt":"2024-07-23T18:46:33","slug":"greencid-citrus","status":"publish","type":"product","link":"https:\/\/greenshop.mx\/index.php\/product\/greencid-citrus\/","title":{"rendered":"GreenCid CITRUS"},"content":{"rendered":"<p><strong>Ingredientes Activos:\u00a0<\/strong><\/p>\n<ul>\n<li>Extractos C\u00edtricos (\u00e1cidos org\u00e1nicos)<\/li>\n<\/ul>\n<p>Los Extractos C\u00edtricos son considerados por la FDA como seguros (GRAS &#8211; Generally Recognized As Safe)<\/p>\n<p>&nbsp;<\/p>\n<p><strong>Uso: <\/strong>Urbano, industrial y agr\u00edcola<\/p>\n<p><strong>Ventajas:<\/strong><\/p>\n<ul>\n<li>Altamente concentrado.<\/li>\n<li>Activo desinfectante en la lista &#8220;N&#8221; de la EPA.<\/li>\n<li>No se degrada al aplicarse por termonebulizaci\u00f3n.<\/li>\n<li>Proporciona una acci\u00f3n de desinfecci\u00f3n superior.<\/li>\n<li>Con pruebas de eficacia demostrada ante laboratorio.<\/li>\n<li>Eficaz contra el coronavirus SARS-Co-V-2 causante de la pandemia por COVID-19.<\/li>\n<li>1 litro de GreenCid CITRUS permite hacer 200 litros de soluci\u00f3n desinfectante &#8220;sanitizante&#8221; lista para usar.<\/li>\n<\/ul>\n<p>&nbsp;<\/p>\n<p><strong>Aplicaci\u00f3n:<\/strong><\/p>\n<ul>\n<li>Manual<\/li>\n<li>Inmersi\u00f3n<\/li>\n<li>Spray \/ Atomizador<\/li>\n<li>Pistolas sanitizantes<\/li>\n<li>Termonebulizadoras*<\/li>\n<li>Nebulizadoras<\/li>\n<li>Equipo de lavado a presi\u00f3n<\/li>\n<\/ul>\n<p>&nbsp;<\/p>\n<p><strong>Presentaciones: <\/strong>1, 4 y 20 litros.<\/p>\n<p>&nbsp;<\/p>\n","protected":false},"excerpt":{"rendered":"<p>Desinfectante concentrado natural de amplio espectro elaborado con extractos c\u00edtricos (\u00e1cidos org\u00e1nicos)<\/p>\n","protected":false},"featured_media":93,"comment_status":"open","ping_status":"closed","template":"","meta":{"content-type":"","om_disable_all_campaigns":false,"_monsterinsights_skip_tracking":false,"_monsterinsights_sitenote_active":false,"_monsterinsights_sitenote_note":"","_monsterinsights_sitenote_category":0,"_uf_show_specific_survey":0,"_uf_disable_surveys":false},"product_brand":[],"product_cat":[45,46],"product_tag":[63,28,25,62,44,26],"class_list":{"0":"post-133","1":"product","2":"type-product","3":"status-publish","4":"has-post-thumbnail","6":"product_cat-desinfectantes","7":"product_cat-desinfectantes-concentrados","8":"product_tag-acidos-organicos","9":"product_tag-buygreen","10":"product_tag-desinfectantes","11":"product_tag-extractos-citricos","12":"product_tag-sanitizante-para-maquina-de-humo","13":"product_tag-sanitizantes","15":"first","16":"instock","17":"sold-individually","18":"taxable","19":"shipping-taxable","20":"purchasable","21":"product-type-variable"},"jetpack_sharing_enabled":true,"_links":{"self":[{"href":"https:\/\/greenshop.mx\/index.php\/wp-json\/wp\/v2\/product\/133","targetHints":{"allow":["GET"]}}],"collection":[{"href":"https:\/\/greenshop.mx\/index.php\/wp-json\/wp\/v2\/product"}],"about":[{"href":"https:\/\/greenshop.mx\/index.php\/wp-json\/wp\/v2\/types\/product"}],"replies":[{"embeddable":true,"href":"https:\/\/greenshop.mx\/index.php\/wp-json\/wp\/v2\/comments?post=133"}],"wp:featuredmedia":[{"embeddable":true,"href":"https:\/\/greenshop.mx\/index.php\/wp-json\/wp\/v2\/media\/93"}],"wp:attachment":[{"href":"https:\/\/greenshop.mx\/index.php\/wp-json\/wp\/v2\/media?parent=133"}],"wp:term":[{"taxonomy":"product_brand","embeddable":true,"href":"https:\/\/greenshop.mx\/index.php\/wp-json\/wp\/v2\/product_brand?post=133"},{"taxonomy":"product_cat","embeddable":true,"href":"https:\/\/greenshop.mx\/index.php\/wp-json\/wp\/v2\/product_cat?post=133"},{"taxonomy":"product_tag","embeddable":true,"href":"https:\/\/greenshop.mx\/index.php\/wp-json\/wp\/v2\/product_tag?post=133"}],"curies":[{"name":"wp","href":"https:\/\/api.w.org\/{rel}","templated":true}]}}