{"id":116,"date":"2022-02-26T14:05:44","date_gmt":"2022-02-26T20:05:44","guid":{"rendered":"https:\/\/greenshop.mx\/?post_type=product&#038;p=116"},"modified":"2023-04-11T16:44:20","modified_gmt":"2023-04-11T21:44:20","slug":"greencid-ultra","status":"publish","type":"product","link":"https:\/\/greenshop.mx\/index.php\/product\/greencid-ultra\/","title":{"rendered":"GreenCID ULTRA"},"content":{"rendered":"<p><strong>Ingredientes Activos:<\/strong><\/p>\n<ul>\n<li>Sales cuaternarias de amonio 5G<\/li>\n<li>Extractos C\u00edtricos (\u00e1cidos org\u00e1nicos)**<\/li>\n<\/ul>\n<p>Las sales cuaternarias de 5G utilizadas cuenta con pruebas de laboratorio que demuestran que no irritan la piel.<\/p>\n<p>Los Extractos C\u00edtricos son considerados por la FDA como seguros (GRAS &#8211; Generally Recognized As Safe)<\/p>\n<p>&nbsp;<\/p>\n<p><strong>Uso: <\/strong>Urbano, industrial y agr\u00edcola<\/p>\n<p><strong>Ventajas:<\/strong><\/p>\n<ul>\n<li>Altamente concentrado.<\/li>\n<li>Activo desinfectante en la lista &#8220;N&#8221; de la EPA.<\/li>\n<li>No se degrada al aplicarse por termonebulizaci\u00f3n.<\/li>\n<li>Proporciona una acci\u00f3n de desinfecci\u00f3n superior.<\/li>\n<li>Con pruebas de eficacia demostrada ante laboratorio.<\/li>\n<li>Eficaz contra el coronavirus SARS-Co-V-2 causante de la pandemia por COVID-19.<\/li>\n<li>1 litro de GreenCid ULTRA permite hacer 200 litros de soluci\u00f3n desinfectante &#8220;sanitizante&#8221; lista para usar.<\/li>\n<\/ul>\n<p>&nbsp;<\/p>\n<p><strong>Aplicaci\u00f3n:<\/strong><\/p>\n<ul>\n<li>Manual<\/li>\n<li>Inmersi\u00f3n<\/li>\n<li>Spray \/ Atomizador<\/li>\n<li>Pistolas sanitizantes<\/li>\n<li>Termonebulizadoras*<\/li>\n<li>Nebulizadoras<\/li>\n<li>Equipo de lavado a presi\u00f3n<\/li>\n<\/ul>\n<p>&nbsp;<\/p>\n<p><strong>Presentaciones: <\/strong>1, 4 y 20 litros.<\/p>\n<p>* Cuenta con pruebas de laboratorio que demuestran que GreenCid ULTRA desinfecta &#8220;sanitiza&#8221; y no se degrada la mol\u00e9cula o ingredientes activos por el calor al aplicarse por nebulizaci\u00f3n t\u00e9rmica o termonebulizaci\u00f3n con equipos pulsfog usando como carrier o coayuvante TermoGreen Veh\u00edculo.<\/p>\n<p>&nbsp;<\/p>\n","protected":false},"excerpt":{"rendered":"<p>Desinfectante concentrado de amplio espectro a base de sales cuaternarias de 5G y extractos c\u00edtricos. Elimina Hongos, Bacterias y Virus (Incluyendo el coronavirus SARS-CoV-2 causante de la COVID-19)<\/p>\n","protected":false},"featured_media":95,"comment_status":"open","ping_status":"closed","template":"","meta":{"content-type":"","om_disable_all_campaigns":false,"_monsterinsights_skip_tracking":false,"_monsterinsights_sitenote_active":false,"_monsterinsights_sitenote_note":"","_monsterinsights_sitenote_category":0,"_uf_show_specific_survey":0,"_uf_disable_surveys":false},"product_brand":[],"product_cat":[45,46],"product_tag":[63,59,28,25,62,29,60,44,26],"class_list":{"0":"post-116","1":"product","2":"type-product","3":"status-publish","4":"has-post-thumbnail","6":"product_cat-desinfectantes","7":"product_cat-desinfectantes-concentrados","8":"product_tag-acidos-organicos","9":"product_tag-amonios-cuaternarios","10":"product_tag-buygreen","11":"product_tag-desinfectantes","12":"product_tag-extractos-citricos","13":"product_tag-greencid","14":"product_tag-sales-cuaternarias","15":"product_tag-sanitizante-para-maquina-de-humo","16":"product_tag-sanitizantes","18":"first","19":"instock","20":"taxable","21":"shipping-taxable","22":"purchasable","23":"product-type-variable"},"jetpack_sharing_enabled":true,"_links":{"self":[{"href":"https:\/\/greenshop.mx\/index.php\/wp-json\/wp\/v2\/product\/116","targetHints":{"allow":["GET"]}}],"collection":[{"href":"https:\/\/greenshop.mx\/index.php\/wp-json\/wp\/v2\/product"}],"about":[{"href":"https:\/\/greenshop.mx\/index.php\/wp-json\/wp\/v2\/types\/product"}],"replies":[{"embeddable":true,"href":"https:\/\/greenshop.mx\/index.php\/wp-json\/wp\/v2\/comments?post=116"}],"wp:featuredmedia":[{"embeddable":true,"href":"https:\/\/greenshop.mx\/index.php\/wp-json\/wp\/v2\/media\/95"}],"wp:attachment":[{"href":"https:\/\/greenshop.mx\/index.php\/wp-json\/wp\/v2\/media?parent=116"}],"wp:term":[{"taxonomy":"product_brand","embeddable":true,"href":"https:\/\/greenshop.mx\/index.php\/wp-json\/wp\/v2\/product_brand?post=116"},{"taxonomy":"product_cat","embeddable":true,"href":"https:\/\/greenshop.mx\/index.php\/wp-json\/wp\/v2\/product_cat?post=116"},{"taxonomy":"product_tag","embeddable":true,"href":"https:\/\/greenshop.mx\/index.php\/wp-json\/wp\/v2\/product_tag?post=116"}],"curies":[{"name":"wp","href":"https:\/\/api.w.org\/{rel}","templated":true}]}}