{"id":153,"date":"2022-03-02T10:11:19","date_gmt":"2022-03-02T16:11:19","guid":{"rendered":"https:\/\/greenshop.mx\/?page_id=153"},"modified":"2022-03-11T01:30:14","modified_gmt":"2022-03-11T07:30:14","slug":"contacto","status":"publish","type":"page","link":"https:\/\/greenshop.mx\/index.php\/contacto\/","title":{"rendered":"Contacto"},"content":{"rendered":"<h1>Contacto<span class=\"uk-text-primary\">.<\/span><\/h1>\n<div>\n<h2>GreenShop.mx<\/h2>\n<div>\n<p class=\"uk-text-large\"><a href=\"tel:4424150586\">442 415 0586<\/a><br \/><a href=\"mailto:contacto@greenshop.mx\">contacto@greenshop.mx<\/a><\/p>\n<p><a class=\"uk-button uk-button-primary\" href=\"https:\/\/wa.me\/5214424150586\">WhatsApp<\/a><br \/>\n<a class=\"uk-button uk-button-default\" href=\"#hs-chat-open\">Chat<\/a><\/p>\n<\/div>\n<\/div>\n<div>\n\n\t\t\t\t\t\t<script>\n\t\t\t\t\t\t\twindow.hsFormsOnReady = window.hsFormsOnReady || [];\n\t\t\t\t\t\t\twindow.hsFormsOnReady.push(()=>{\n\t\t\t\t\t\t\t\thbspt.forms.create({\n\t\t\t\t\t\t\t\t\tportalId: 21424607,\n\t\t\t\t\t\t\t\t\tformId: \"10e87a4c-4104-49f0-ba7d-61af1cfde49b\",\n\t\t\t\t\t\t\t\t\ttarget: \"#hbspt-form-1777621244000-5634427474\",\n\t\t\t\t\t\t\t\t\tregion: \"na1\",\n\t\t\t\t\t\t\t\t\t\n\t\t\t\t\t\t\t})});\n\t\t\t\t\t\t<\/script>\n\t\t\t\t\t\t<div class=\"hbspt-form\" id=\"hbspt-form-1777621244000-5634427474\"><\/div><\/div>\n<p><img decoding=\"async\" src=\"\/wp-content\/uploads\/logo-greenshop.png\" alt=\"GreenShop\"><\/p>\n<ul>\n<li>\n<h2>Ubicaci\u00f3n<\/h2>\n<div>Quer\u00e9taro<br \/>\nM\u00e9xico.<\/div>\n<\/li>\n<li>\n<h2>E-Mail<\/h2>\n<div><a class=\"uk-link-toggle\" href=\"mailto:contacto@greenshop.mx\">contacto@greenshop.mx<\/a><\/div>\n<\/li>\n<li>\n<h2>Tel\u00e9fono<\/h2>\n<div><a class=\"uk-link-toggle\" href=\"tel:+524424150586\">+52 442 415 0586<\/a><\/div>\n<\/li>\n<li>\n<h2>S\u00edguenos!<\/h2>\n<div>\n<div uk-grid class=\"uk-flex-center uk-flex-left@m uk-child-width-auto uk-grid-medium\">\n<div>\n    <a href=\"https:\/\/www.facebook.com\/greenshopmexico\" target=\"_blank\" uk-icon=\"facebook\"><\/a>\n    <\/div>\n<div>\n    <a href=\"https:\/\/www.instagram.com\/greenshopmexico\" target=\"_blank\" uk-icon=\"instagram\"><\/a>\n    <\/div>\n<div>\n    <a href=\"https:\/\/twitter.com\/greenshopmexico\" target=\"_blank\" uk-icon=\"twitter\"><\/a>\n    <\/div>\n<div>\n    <a href=\"https:\/\/wa.me\/5214424150586\" target=\"_blank\" uk-icon=\"whatsapp\"><\/a>\n    <\/div>\n<\/div>\n<\/div>\n<\/li>\n<\/ul>\n<div>\n<p>20.5922,-100.3985<\/p>\n<h3>GREENSHOP<\/h3>\n<\/div>\n<div>Env\u00edos Confiables a Todo el Pa\u00eds<\/div>\n<h2>R\u00e1pido, seguro y a trav\u00e9s de las principales empresas de paqueter\u00eda.<\/h2>\n<ul>\n<li>\n<p>        <img decoding=\"async\" src=\"\/wp-content\/uploads\/contact-directions-01.svg\" alt=\"\"><\/p>\n<h2>Pago Seguro<\/h2>\n<div>Transferencia, tarjeta o pasarelas de pago<\/div>\n<\/li>\n<li>\n<p>        <img decoding=\"async\" src=\"\/wp-content\/uploads\/contact-directions-02.svg\" alt=\"\"><\/p>\n<h2>Env\u00edo R\u00e1pido<\/h2>\n<div>Sigue tu compra hasta que llegue a tus manos.<\/div>\n<\/li>\n<li>\n<p>        <img decoding=\"async\" src=\"\/wp-content\/uploads\/contact-directions-03.svg\" alt=\"\"><\/p>\n<h2>Compra Protegida<\/h2>\n<div>Recibes lo que compras, sin sorpresas<\/div>\n<\/li>\n<\/ul>\n<h2>Ellos ya Conf\u00edan en Nosotros<\/h2>\n<hr>\n<ul>\n<li>\n<p>        <img decoding=\"async\" src=\"\/wp-content\/uploads\/contact-logo-01.svg\" alt=\"\"><\/p>\n<h3>W &#038; Raw<\/h3>\n<\/li>\n<li>\n<p>        <img decoding=\"async\" src=\"\/wp-content\/uploads\/contact-logo-02.svg\" alt=\"\"><\/p>\n<h3>Fjord<\/h3>\n<\/li>\n<li>\n<p>        <img decoding=\"async\" src=\"\/wp-content\/uploads\/contact-logo-03.svg\" alt=\"\"><\/p>\n<h3>Minime<\/h3>\n<\/li>\n<li>\n<p>        <img decoding=\"async\" src=\"\/wp-content\/uploads\/contact-logo-04.svg\" alt=\"\"><\/p>\n<h3>Lindstroem<\/h3>\n<\/li>\n<li>\n<p>        <img decoding=\"async\" src=\"\/wp-content\/uploads\/contact-logo-05.svg\" alt=\"\"><\/p>\n<h3>Mint<\/h3>\n<\/li>\n<li>\n<p>        <img decoding=\"async\" src=\"\/wp-content\/uploads\/contact-logo-06.svg\" alt=\"\"><\/p>\n<h3>Norton<\/h3>\n<\/li>\n<li>\n<p>        <img decoding=\"async\" src=\"\n\n<h1>Error establishing a database connection<\/h1>\n<p>This either means that the username and password information in your <code>wp-config.php<\/code> file is incorrect or we can&#8217;t contact the database server at <code>mysql<\/code>. This could mean your host&#8217;s database server is down.<\/p>\n<ul>\n<li>Are you sure you have the correct username and password?<\/li>\n<li>Are you sure you have typed the correct hostname?<\/li>\n<li>Are you sure the database server is running?<\/li>\n<\/ul>\n<p>If you&#8217;re unsure what these terms mean you should probably contact your host. If you still need help you can always visit the <a href=\"https:\/\/wordpress.org\/support\/forums\/\">WordPress Support Forums<\/a>.<\/p>\n<p>&#8221; alt=&#8221;&#8221;><\/p>\n<h3>Friday<\/h3>\n<\/li>\n<li>\n<p>        <img decoding=\"async\" src=\"\/wp-content\/uploads\/contact-logo-08.svg\" alt=\"\"><\/p>\n<h3>Maison<\/h3>\n<\/li>\n<\/ul>\n<p><!--more--><br \/>\n<!-- {\"name\":\"Contact\",\"type\":\"layout\",\"children\":[{\"type\":\"section\",\"props\":{\"style\":\"secondary\",\"width\":\"default\",\"vertical_align\":\"middle\",\"title_position\":\"top-left\",\"title_rotation\":\"left\",\"title_breakpoint\":\"xl\",\"image_position\":\"top-center\",\"padding\":\"large\",\"header_transparent\":\"light\",\"animation\":\"slide-left-small\",\"padding_remove_bottom\":false,\"image\":\"wp-content\\\/uploads\\\/home-hero-bg.svg\"},\"children\":[{\"type\":\"row\",\"children\":[{\"type\":\"column\",\"props\":{\"image_position\":\"center-center\",\"media_overlay_gradient\":\"\",\"width_medium\":\"1-1\",\"position_sticky_breakpoint\":\"m\"},\"children\":[{\"type\":\"headline\",\"props\":{\"title_element\":\"h1\",\"title_style\":\"heading-xlarge\",\"content\":\"Contacto<span class=\\\"uk-text-primary\\\">.<\\\/span>\"}}]}]}],\"name\":\"Hero\"},{\"type\":\"section\",\"props\":{\"style\":\"secondary\",\"width\":\"default\",\"vertical_align\":\"middle\",\"title_position\":\"top-left\",\"title_rotation\":\"left\",\"title_breakpoint\":\"xl\",\"image_position\":\"center-left\",\"padding\":\"large\",\"image\":\"wp-content\\\/uploads\\\/fondo-contacto.jpg\",\"image_size\":\"cover\",\"image_effect\":\"fixed\",\"image_width\":\"2560\",\"title\":\"Contacto\"},\"children\":[{\"type\":\"row\",\"props\":{\"layout\":\"2-5,3-5\"},\"children\":[{\"type\":\"column\",\"props\":{\"image_position\":\"center-center\",\"media_overlay_gradient\":\"\",\"width_medium\":\"2-5\",\"position_sticky_breakpoint\":\"m\"},\"children\":[]},{\"type\":\"column\",\"props\":{\"image_position\":\"center-center\",\"media_overlay_gradient\":\"\",\"width_medium\":\"3-5\",\"position_sticky_breakpoint\":\"m\"},\"children\":[{\"type\":\"panel\",\"props\":{\"link_text\":\"Open in Map\",\"title_hover_style\":\"reset\",\"title_element\":\"h2\",\"title_align\":\"top\",\"title_grid_width\":\"1-2\",\"meta_style\":\"meta\",\"meta_align\":\"below-title\",\"image_align\":\"top\",\"image_grid_width\":\"1-2\",\"image_svg_color\":\"emphasis\",\"link_style\":\"default\",\"margin\":\"default\",\"panel_style\":\"card-secondary\",\"title_style\":\"heading-small\",\"title_margin\":\"remove\",\"content_margin\":\"medium\",\"link_margin\":\"large\",\"maxwidth\":\"large\",\"block_align\":\"right\",\"link\":\"\",\"title\":\"GreenShop.mx\",\"content\":\"\n\n<p class=\\\"uk-text-large\\\"><a href=\\\"tel:4424150586\\\">442 415 0586<\\\/a><br \\\/><a href=\\\"mailto:contacto@greenshop.mx\\\">contacto@greenshop.mx<\\\/a><\\\/p>\\n\n\n<p><a class=\\\"uk-button uk-button-primary\\\" href=\\\"https:\\\/\\\/wa.me\\\/5214424150586\\\">WhatsApp<\\\/a> \\n<a class=\\\"uk-button uk-button-default\\\" href=\\\"#hs-chat-open\\\">Chat<\\\/a><\\\/p>\",\"link_target\":true,\"title_grid_breakpoint\":\"m\",\"image_grid_breakpoint\":\"m\",\"icon_width\":80,\"panel_padding\":\"default\",\"meta_element\":\"div\",\"content_column_breakpoint\":\"m\",\"panel_link\":false}}]}]}],\"name\":\"Contact\"},{\"type\":\"section\",\"props\":{\"style\":\"default\",\"width\":\"default\",\"vertical_align\":\"middle\",\"title_position\":\"top-left\",\"title_rotation\":\"left\",\"title_breakpoint\":\"xl\",\"image_position\":\"center-center\"},\"children\":[{\"type\":\"row\",\"children\":[{\"type\":\"column\",\"props\":{\"position_sticky_breakpoint\":\"m\",\"image_position\":\"center-center\",\"media_overlay_gradient\":\"\"},\"children\":[{\"type\":\"html\",\"props\":{\"content\":\"[hubspot type=form portal=21424607 id=10e87a4c-4104-49f0-ba7d-61af1cfde49b]\"}}]}]}]},{\"type\":\"section\",\"props\":{\"style\":\"muted\",\"width\":\"xlarge\",\"vertical_align\":\"middle\",\"title_position\":\"top-left\",\"title_rotation\":\"left\",\"title_breakpoint\":\"xl\",\"image_position\":\"center-center\",\"height\":\"full\",\"header_transparent\":\"light\",\"image\":\"\",\"image_size\":\"cover\",\"image_effect\":\"parallax\",\"image_parallax_breakpoint\":\"s\",\"image_width\":\"2560\",\"header_transparent_noplaceholder\":false,\"image_parallax_bgy_start\":\"5vh\",\"image_parallax_bgy_end\":\"-5vh\"},\"children\":[{\"type\":\"row\",\"props\":{\"layout\":\"1-2,1-2\",\"column_gap\":\"collapse\",\"row_gap\":\"collapse\"},\"children\":[{\"type\":\"column\",\"props\":{\"image_position\":\"center-center\",\"media_overlay_gradient\":\"\",\"vertical_align\":\"middle\",\"style\":\"default\",\"width_medium\":\"1-2\",\"position_sticky_breakpoint\":\"m\"},\"children\":[{\"type\":\"image\",\"props\":{\"margin\":\"default\",\"image_svg_color\":\"emphasis\",\"text_align\":\"center\",\"image\":\"wp-content\\\/uploads\\\/logo-greenshop.png\",\"image_svg_inline\":true,\"image_alt\":\"GreenShop\"}},{\"type\":\"grid\",\"props\":{\"show_title\":true,\"show_meta\":true,\"show_content\":true,\"show_image\":true,\"show_link\":true,\"grid_default\":\"1\",\"grid_medium\":\"\",\"filter_style\":\"tab\",\"filter_all\":true,\"filter_position\":\"top\",\"filter_align\":\"left\",\"filter_grid_width\":\"auto\",\"title_hover_style\":\"reset\",\"title_element\":\"h2\",\"title_align\":\"top\",\"title_grid_width\":\"1-2\",\"meta_style\":\"meta\",\"meta_align\":\"below-title\",\"image_align\":\"top\",\"image_grid_width\":\"1-2\",\"image_svg_color\":\"emphasis\",\"link_text\":\"\",\"link_style\":\"default\",\"margin\":\"xlarge\",\"item_animation\":true,\"grid_small\":\"2\",\"title_style\":\"h5\",\"content_margin\":\"small\",\"maxwidth\":\"large\",\"block_align\":\"center\",\"block_align_fallback\":\"center\",\"text_align\":\"left\",\"text_align_breakpoint\":\"s\",\"text_align_fallback\":\"center\",\"margin_remove_bottom\":false,\"grid_column_gap\":\"large\",\"grid_row_gap\":\"large\",\"filter_grid_breakpoint\":\"m\",\"title_grid_breakpoint\":\"m\",\"image_grid_breakpoint\":\"m\",\"panel_link\":true,\"icon_width\":80,\"meta_element\":\"div\",\"content_column_breakpoint\":\"m\"},\"children\":[{\"type\":\"grid_item\",\"props\":{\"title\":\"Ubicaci\\u00f3n\",\"content\":\"Quer\\u00e9taro<br \/>\\nM\\u00e9xico.\"}},{\"type\":\"grid_item\",\"props\":{\"title\":\"E-Mail\",\"content\":\"<a class=\\\"uk-link-toggle\\\" href=\\\"mailto:contacto@greenshop.mx\\\">contacto@greenshop.mx<\\\/a>\",\"link\":\"\"}},{\"type\":\"grid_item\",\"props\":{\"title\":\"Tel\\u00e9fono\",\"content\":\"<a class=\\\"uk-link-toggle\\\" href=\\\"tel:+524424150586\\\">+52 442 415 0586<\\\/a>\",\"link\":\"\"}},{\"type\":\"grid_item\",\"props\":{\"title\":\"S\\u00edguenos!\",\"content\":\"\n\n<div uk-grid class=\\\"uk-flex-center uk-flex-left@m uk-child-width-auto uk-grid-medium\\\">\\n    \n\n<div>\\n    <a href=\\\"https:\\\/\\\/www.facebook.com\\\/greenshopmexico\\\" target=\\\"_blank\\\" uk-icon=\\\"facebook\\\"><\\\/a>\\n    <\\\/div>\\n    \n\n<div>\\n    <a href=\\\"https:\\\/\\\/www.instagram.com\\\/greenshopmexico\\\" target=\\\"_blank\\\" uk-icon=\\\"instagram\\\"><\\\/a>\\n    <\\\/div>\\n    \n\n<div>\\n    <a href=\\\"https:\\\/\\\/twitter.com\\\/greenshopmexico\\\" target=\\\"_blank\\\" uk-icon=\\\"twitter\\\"><\\\/a>\\n    <\\\/div>\\n        \n\n<div>\\n    <a href=\\\"https:\\\/\\\/wa.me\\\/5214424150586\\\" target=\\\"_blank\\\" uk-icon=\\\"whatsapp\\\"><\\\/a>\\n    <\\\/div>\\n<\\\/div>\"}}]}]},{\"type\":\"column\",\"props\":{\"image_position\":\"center-center\",\"media_overlay_gradient\":\"\",\"style\":\"default\",\"padding\":\"none\",\"width_medium\":\"1-2\",\"order_first\":\"m\",\"position_sticky_breakpoint\":\"m\"},\"children\":[{\"type\":\"map\",\"props\":{\"show_title\":true,\"type\":\"roadmap\",\"zoom\":\"5\",\"controls\":false,\"zooming\":false,\"dragging\":true,\"styler_lightness\":\"\",\"styler_invert_lightness\":false,\"styler_saturation\":\"\",\"popup_max_width\":\"\",\"height\":\"750\",\"styler_gamma\":\"\",\"show_meta\":true,\"show_content\":true,\"show_image\":true,\"show_link\":false,\"min_zoom\":0,\"max_zoom\":18,\"title_hover_style\":\"reset\",\"title_element\":\"h3\",\"meta_style\":\"meta\",\"meta_align\":\"below-title\",\"meta_element\":\"div\",\"image_svg_color\":\"emphasis\",\"link_text\":\"Read more\",\"link_style\":\"default\",\"margin\":\"default\"},\"children\":[{\"type\":\"map_item\",\"props\":{\"location\":\"20.5922,-100.3985\",\"title\":\"GREENSHOP\"}}]}]}]}],\"name\":\"Contact\"},{\"type\":\"section\",\"props\":{\"style\":\"default\",\"width\":\"large\",\"vertical_align\":\"middle\",\"title_position\":\"top-left\",\"title_rotation\":\"left\",\"title_breakpoint\":\"xl\",\"image_position\":\"center-center\",\"padding\":\"large\",\"padding_remove_bottom\":false},\"children\":[{\"type\":\"row\",\"children\":[{\"type\":\"column\",\"props\":{\"image_position\":\"center-center\",\"media_overlay_gradient\":\"\",\"width_medium\":\"1-1\",\"position_sticky_breakpoint\":\"m\"},\"children\":[{\"type\":\"headline\",\"props\":{\"title_element\":\"div\",\"title_style\":\"h3\",\"margin\":\"small\",\"text_align\":\"center\",\"content\":\"Env\\u00edos Confiables a Todo el Pa\\u00eds\",\"title_font_family\":\"tertiary\"}},{\"type\":\"headline\",\"props\":{\"title_element\":\"h2\",\"maxwidth\":\"2xlarge\",\"block_align\":\"center\",\"text_align\":\"center\",\"content\":\"R\\u00e1pido, seguro y a trav\\u00e9s de las principales empresas de paqueter\\u00eda.\",\"margin_remove_top\":true,\"title_color\":\"muted\"}},{\"type\":\"grid\",\"props\":{\"show_title\":true,\"show_meta\":true,\"show_content\":true,\"show_image\":true,\"show_link\":true,\"grid_default\":\"1\",\"grid_medium\":\"\",\"filter_style\":\"tab\",\"filter_all\":true,\"filter_position\":\"top\",\"filter_align\":\"left\",\"filter_grid_width\":\"auto\",\"title_hover_style\":\"reset\",\"title_element\":\"h2\",\"title_align\":\"top\",\"title_grid_width\":\"1-2\",\"meta_style\":\"meta\",\"meta_align\":\"below-title\",\"icon_ratio\":\"\",\"image_align\":\"top\",\"image_grid_width\":\"1-2\",\"image_svg_color\":\"primary\",\"link_text\":\"Read more\",\"link_style\":\"default\",\"margin\":\"large\",\"item_animation\":true,\"grid_small\":\"3\",\"panel_style\":\"card-default\",\"title_style\":\"h5\",\"text_align\":\"center\",\"image_svg_inline\":true,\"filter_grid_breakpoint\":\"m\",\"title_grid_breakpoint\":\"m\",\"image_grid_breakpoint\":\"m\",\"meta_element\":\"div\",\"content_column_breakpoint\":\"m\",\"icon_width\":80,\"panel_padding\":\"default\"},\"children\":[{\"type\":\"grid_item\",\"props\":{\"title\":\"Pago Seguro\",\"image\":\"wp-content\\\/uploads\\\/contact-directions-01.svg\",\"content\":\"Transferencia, tarjeta o pasarelas de pago\"}},{\"type\":\"grid_item\",\"props\":{\"title\":\"Env\\u00edo R\\u00e1pido\",\"image\":\"wp-content\\\/uploads\\\/contact-directions-02.svg\",\"content\":\"Sigue tu compra hasta que llegue a tus manos.\"}},{\"type\":\"grid_item\",\"props\":{\"title\":\"Compra Protegida\",\"image\":\"wp-content\\\/uploads\\\/contact-directions-03.svg\",\"content\":\"Recibes lo que compras, sin sorpresas\"}}]}]}]}],\"name\":\"Directions\"},{\"name\":\"Findus\",\"type\":\"section\",\"props\":{\"style\":\"default\",\"width\":\"xlarge\",\"vertical_align\":\"middle\",\"title_position\":\"top-left\",\"title_rotation\":\"left\",\"title_breakpoint\":\"xl\",\"image_position\":\"center-center\",\"image\":\"wp-content\\\/uploads\\\/entregas.png\",\"padding\":\"large\",\"image_effect\":\"fixed\",\"image_parallax_breakpoint\":\"m\",\"image_parallax_bgy_start\":-10,\"image_parallax_bgy_end\":90,\"animation\":\"fade\",\"media_visibility\":\"l\",\"image_size\":\"width-1-1\",\"height\":\"percent\"},\"children\":[{\"name\":\"\",\"type\":\"row\",\"props\":{\"vertical_align\":false,\"match\":false},\"children\":[{\"name\":\"\",\"type\":\"column\",\"props\":{\"image_position\":\"center-center\",\"media_overlay_gradient\":\"\",\"width_medium\":\"1-1\",\"position_sticky_breakpoint\":\"m\"},\"children\":[]}]}]},{\"name\":\"Partners\",\"type\":\"section\",\"props\":{\"style\":\"default\",\"width\":\"small\",\"vertical_align\":\"middle\",\"title_position\":\"top-left\",\"title_rotation\":\"left\",\"title_breakpoint\":\"xl\",\"image_position\":\"center-center\",\"padding_remove_bottom\":true,\"animation\":\"fade\"},\"children\":[{\"name\":\"\",\"type\":\"row\",\"children\":[{\"name\":\"\",\"type\":\"column\",\"props\":{\"image_position\":\"center-center\",\"media_overlay_gradient\":\"\",\"width_medium\":\"1-1\",\"position_sticky_breakpoint\":\"m\"},\"children\":[{\"name\":\"\",\"type\":\"headline\",\"props\":{\"title_element\":\"h2\",\"content\":\"Ellos ya Conf\\u00edan en Nosotros\",\"text_align\":\"center\",\"title_style\":\"h1\"}},{\"name\":\"\",\"type\":\"divider\",\"props\":{\"divider_element\":\"hr\",\"divider_style\":\"small\",\"divider_align\":\"center\",\"margin\":\"default\"}},{\"name\":\"\",\"type\":\"gallery\",\"props\":{\"show_title\":false,\"show_meta\":false,\"show_content\":false,\"show_link\":true,\"show_hover_image\":false,\"grid_default\":\"2\",\"grid_medium\":\"4\",\"overlay_mode\":\"cover\",\"overlay_hover\":false,\"overlay_style\":\"\",\"text_color\":\"light\",\"overlay_position\":\"center\",\"overlay_transition\":\"fade\",\"title_element\":\"h3\",\"meta_style\":\"meta\",\"meta_align\":\"below-title\",\"text_align\":\"center\",\"margin\":\"default\",\"text_align_breakpoint\":\"m\",\"text_align_fallback\":\"center\",\"overlay_padding\":\"small\",\"grid_small\":\"3\",\"image_orientation\":true,\"image_min_height\":\"\",\"filter_style\":\"tab\",\"filter_all\":true,\"filter_position\":\"top\",\"filter_align\":\"left\",\"filter_grid_width\":\"auto\",\"item_animation\":true,\"link_text\":\"\",\"link_style\":\"default\",\"grid_divider\":true,\"filter_grid_breakpoint\":\"m\",\"overlay_link\":true,\"title_hover_style\":\"reset\",\"meta_element\":\"div\"},\"children\":[{\"name\":\"\",\"type\":\"gallery_item\",\"props\":{\"image\":\"wp-content\\\/uploads\\\/contact-logo-01.svg\",\"title\":\"W & Raw\",\"link\":\"\",\"hover_image\":null}},{\"name\":\"\",\"type\":\"gallery_item\",\"props\":{\"image\":\"wp-content\\\/uploads\\\/contact-logo-02.svg\",\"title\":\"Fjord\",\"link\":\"\",\"hover_image\":null}},{\"name\":\"\",\"type\":\"gallery_item\",\"props\":{\"image\":\"wp-content\\\/uploads\\\/contact-logo-03.svg\",\"title\":\"Minime\",\"hover_image\":\"\",\"link\":\"\"}},{\"name\":\"\",\"type\":\"gallery_item\",\"props\":{\"image\":\"wp-content\\\/uploads\\\/contact-logo-04.svg\",\"title\":\"Lindstroem\",\"link\":\"\",\"hover_image\":null}},{\"name\":\"\",\"type\":\"gallery_item\",\"props\":{\"image\":\"wp-content\\\/uploads\\\/contact-logo-05.svg\",\"title\":\"Mint\",\"link\":\"\",\"hover_image\":null}},{\"name\":\"\",\"type\":\"gallery_item\",\"props\":{\"image\":\"wp-content\\\/uploads\\\/contact-logo-06.svg\",\"title\":\"Norton\",\"link\":\"\",\"hover_image\":null}},{\"name\":\"\",\"type\":\"gallery_item\",\"props\":{\"image\":\"\n\n<h1>Error establishing a database connection<\\\/h1>\\n\n\n<p>This either means that the username and password information in your <code>wp-config.php<\\\/code> file is incorrect or we can&#8217;t contact the database server at <code>mysql<\\\/code>. This could mean your host&#8217;s database server is down.<\\\/p>\\n\n\n<ul>\\n\n\n<li>Are you sure you have the correct username and password?<\\\/li>\\n\n\n<li>Are you sure you have typed the correct hostname?<\\\/li>\\n\n\n<li>Are you sure the database server is running?<\\\/li>\\n<\\\/ul>\\n\n\n<p>If you&#8217;re unsure what these terms mean you should probably contact your host. If you still need help you can always visit the <a href=\\\"https:\\\/\\\/wordpress.org\\\/support\\\/forums\\\/\\\">WordPress Support Forums<\\\/a>.<\\\/p>\\n\",\"title\":\"Friday\",\"link\":\"\",\"hover_image\":null}},{\"name\":\"\",\"type\":\"gallery_item\",\"props\":{\"image\":\"wp-content\\\/uploads\\\/contact-logo-08.svg\",\"title\":\"Maison\",\"link\":\"\",\"hover_image\":null}}]}]}]}]}],\"version\":\"2.7.20\"} --><\/p>\n","protected":false},"excerpt":{"rendered":"<p>Contacto. GreenShop.mx 442 415 0586contacto@greenshop.mx WhatsApp Chat Ubicaci\u00f3n Quer\u00e9taro M\u00e9xico. E-Mail contacto@greenshop.mx Tel\u00e9fono +52 442 415 0586 S\u00edguenos! 20.5922,-100.3985 GREENSHOP Env\u00edos Confiables a Todo el Pa\u00eds R\u00e1pido, seguro y a trav\u00e9s de las principales empresas de paqueter\u00eda. Pago Seguro Transferencia, tarjeta o pasarelas de pago Env\u00edo R\u00e1pido Sigue tu compra hasta que llegue a tus [&hellip;]<\/p>\n","protected":false},"author":1,"featured_media":0,"parent":0,"menu_order":0,"comment_status":"closed","ping_status":"closed","template":"","meta":{"content-type":"","om_disable_all_campaigns":false,"_monsterinsights_skip_tracking":false,"_monsterinsights_sitenote_active":false,"_monsterinsights_sitenote_note":"","_monsterinsights_sitenote_category":0,"_uf_show_specific_survey":0,"_uf_disable_surveys":false,"footnotes":""},"class_list":["post-153","page","type-page","status-publish","hentry"],"jetpack_sharing_enabled":true,"_links":{"self":[{"href":"https:\/\/greenshop.mx\/index.php\/wp-json\/wp\/v2\/pages\/153","targetHints":{"allow":["GET"]}}],"collection":[{"href":"https:\/\/greenshop.mx\/index.php\/wp-json\/wp\/v2\/pages"}],"about":[{"href":"https:\/\/greenshop.mx\/index.php\/wp-json\/wp\/v2\/types\/page"}],"author":[{"embeddable":true,"href":"https:\/\/greenshop.mx\/index.php\/wp-json\/wp\/v2\/users\/1"}],"replies":[{"embeddable":true,"href":"https:\/\/greenshop.mx\/index.php\/wp-json\/wp\/v2\/comments?post=153"}],"version-history":[{"count":19,"href":"https:\/\/greenshop.mx\/index.php\/wp-json\/wp\/v2\/pages\/153\/revisions"}],"predecessor-version":[{"id":248,"href":"https:\/\/greenshop.mx\/index.php\/wp-json\/wp\/v2\/pages\/153\/revisions\/248"}],"wp:attachment":[{"href":"https:\/\/greenshop.mx\/index.php\/wp-json\/wp\/v2\/media?parent=153"}],"curies":[{"name":"wp","href":"https:\/\/api.w.org\/{rel}","templated":true}]}}